{"id":8310,"date":"2023-03-20T22:37:38","date_gmt":"2023-03-20T19:37:38","guid":{"rendered":"https:\/\/smartuppartners.com\/?page_id=8310"},"modified":"2023-03-21T17:09:49","modified_gmt":"2023-03-21T14:09:49","slug":"ct","status":"publish","type":"page","link":"https:\/\/smartuppartners.com\/tr\/ct\/","title":{"rendered":"Tamamlanan \u0130\u015flemler"},"content":{"rendered":"<div data-elementor-type=\"wp-page\" data-elementor-id=\"8310\" class=\"elementor elementor-8310\">\n\t\t\t\t\t\t\t\t\t<section class=\"elementor-section elementor-top-section elementor-element elementor-element-f0f5cf0 elementor-section-height-min-height elementor-section-boxed elementor-section-height-default elementor-section-items-middle\" data-id=\"f0f5cf0\" data-element_type=\"section\">\n\t\t\t\t\t\t\t<div class=\"elementor-background-overlay\"><\/div>\n\t\t\t\t\t\t\t<div class=\"elementor-container elementor-column-gap-default\">\n\t\t\t\t\t<div class=\"elementor-column elementor-col-100 elementor-top-column elementor-element elementor-element-0642d06\" data-id=\"0642d06\" data-element_type=\"column\" data-settings=\"{&quot;background_background&quot;:&quot;slideshow&quot;,&quot;background_slideshow_gallery&quot;:[],&quot;background_slideshow_loop&quot;:&quot;yes&quot;,&quot;background_slideshow_slide_duration&quot;:5000,&quot;background_slideshow_slide_transition&quot;:&quot;fade&quot;,&quot;background_slideshow_transition_duration&quot;:500}\">\n\t\t\t<div class=\"elementor-widget-wrap elementor-element-populated\">\n\t\t\t\t\t\t\t\t<div class=\"elementor-element elementor-element-a985992 elementor-widget elementor-widget-heading\" data-id=\"a985992\" data-element_type=\"widget\" data-widget_type=\"heading.default\">\n\t\t\t\t<div class=\"elementor-widget-container\">\n\t\t\t<style>\/*! elementor - v3.11.5 - 14-03-2023 *\/\n.elementor-heading-title{padding:0;margin:0;line-height:1}.elementor-widget-heading .elementor-heading-title[class*=elementor-size-]>a{color:inherit;font-size:inherit;line-height:inherit}.elementor-widget-heading .elementor-heading-title.elementor-size-small{font-size:15px}.elementor-widget-heading .elementor-heading-title.elementor-size-medium{font-size:19px}.elementor-widget-heading .elementor-heading-title.elementor-size-large{font-size:29px}.elementor-widget-heading .elementor-heading-title.elementor-size-xl{font-size:39px}.elementor-widget-heading .elementor-heading-title.elementor-size-xxl{font-size:59px}<\/style><h2 class=\"elementor-heading-title elementor-size-default\">NELER YAPTIK ?<\/h2>\t\t<\/div>\n\t\t\t\t<\/div>\n\t\t\t\t<div class=\"elementor-element elementor-element-6d016e8 elementor-widget elementor-widget-text-editor\" data-id=\"6d016e8\" data-element_type=\"widget\" data-widget_type=\"text-editor.default\">\n\t\t\t\t<div class=\"elementor-widget-container\">\n\t\t\t<style>\/*! elementor - v3.11.5 - 14-03-2023 *\/\n.elementor-widget-text-editor.elementor-drop-cap-view-stacked .elementor-drop-cap{background-color:#818a91;color:#fff}.elementor-widget-text-editor.elementor-drop-cap-view-framed .elementor-drop-cap{color:#818a91;border:3px solid;background-color:transparent}.elementor-widget-text-editor:not(.elementor-drop-cap-view-default) .elementor-drop-cap{margin-top:8px}.elementor-widget-text-editor:not(.elementor-drop-cap-view-default) .elementor-drop-cap-letter{width:1em;height:1em}.elementor-widget-text-editor .elementor-drop-cap{float:left;text-align:center;line-height:1;font-size:50px}.elementor-widget-text-editor .elementor-drop-cap-letter{display:inline-block}<\/style>\t\t\t\t<p>i\u015finizi birlikte b\u00fcy\u00fct\u00fcyoruz<\/p>\t\t\t\t\t\t<\/div>\n\t\t\t\t<\/div>\n\t\t\t\t\t<\/div>\n\t\t<\/div>\n\t\t\t\t\t\t\t<\/div>\n\t\t<\/section>\n\t\t\t\t<section class=\"elementor-section elementor-top-section elementor-element elementor-element-e7df408 elementor-section-boxed elementor-section-height-default elementor-section-height-default\" data-id=\"e7df408\" data-element_type=\"section\">\n\t\t\t\t\t\t<div class=\"elementor-container elementor-column-gap-default\">\n\t\t\t\t\t<div class=\"elementor-column elementor-col-25 elementor-top-column elementor-element elementor-element-fc5e170\" data-id=\"fc5e170\" data-element_type=\"column\">\n\t\t\t<div class=\"elementor-widget-wrap elementor-element-populated\">\n\t\t\t\t\t\t\t\t<div class=\"elementor-element elementor-element-cbcda60 elementor-widget elementor-widget-image\" data-id=\"cbcda60\" data-element_type=\"widget\" data-widget_type=\"image.default\">\n\t\t\t\t<div class=\"elementor-widget-container\">\n\t\t\t<style>\/*! elementor - v3.11.5 - 14-03-2023 *\/\n.elementor-widget-image{text-align:center}.elementor-widget-image a{display:inline-block}.elementor-widget-image a img[src$=\".svg\"]{width:48px}.elementor-widget-image img{vertical-align:middle;display:inline-block}<\/style>\t\t\t\t\t\t\t\t\t\t\t\t<img loading=\"lazy\" decoding=\"async\" width=\"600\" height=\"600\" src=\"https:\/\/smartuppartners.com\/wp-content\/uploads\/2023\/03\/hr_glob_23png.png\" class=\"attachment-large size-large wp-image-8220\" alt=\"\" srcset=\"https:\/\/smartuppartners.com\/wp-content\/uploads\/2023\/03\/hr_glob_23png.png 600w, https:\/\/smartuppartners.com\/wp-content\/uploads\/2023\/03\/hr_glob_23png-300x300.png 300w, https:\/\/smartuppartners.com\/wp-content\/uploads\/2023\/03\/hr_glob_23png-180x180.png 180w, https:\/\/smartuppartners.com\/wp-content\/uploads\/2023\/03\/hr_glob_23png-175x175.png 175w, https:\/\/smartuppartners.com\/wp-content\/uploads\/2023\/03\/hr_glob_23png-12x12.png 12w, https:\/\/smartuppartners.com\/wp-content\/uploads\/2023\/03\/hr_glob_23png-75x75.png 75w\" sizes=\"(max-width: 600px) 100vw, 600px\" \/>\t\t\t\t\t\t\t\t\t\t\t\t\t\t\t<\/div>\n\t\t\t\t<\/div>\n\t\t\t\t\t<\/div>\n\t\t<\/div>\n\t\t\t\t<div class=\"elementor-column elementor-col-25 elementor-top-column elementor-element elementor-element-6a97069\" data-id=\"6a97069\" data-element_type=\"column\">\n\t\t\t<div class=\"elementor-widget-wrap elementor-element-populated\">\n\t\t\t\t\t\t\t\t<div class=\"elementor-element elementor-element-4036b71 elementor-widget elementor-widget-image\" data-id=\"4036b71\" data-element_type=\"widget\" data-widget_type=\"image.default\">\n\t\t\t\t<div class=\"elementor-widget-container\">\n\t\t\t\t\t\t\t\t\t\t\t\t\t\t\t<img loading=\"lazy\" decoding=\"async\" width=\"600\" height=\"600\" src=\"https:\/\/smartuppartners.com\/wp-content\/uploads\/2023\/03\/bilisim_tr.png\" class=\"attachment-large size-large wp-image-8224\" alt=\"\" srcset=\"https:\/\/smartuppartners.com\/wp-content\/uploads\/2023\/03\/bilisim_tr.png 600w, https:\/\/smartuppartners.com\/wp-content\/uploads\/2023\/03\/bilisim_tr-300x300.png 300w, https:\/\/smartuppartners.com\/wp-content\/uploads\/2023\/03\/bilisim_tr-180x180.png 180w, https:\/\/smartuppartners.com\/wp-content\/uploads\/2023\/03\/bilisim_tr-175x175.png 175w, https:\/\/smartuppartners.com\/wp-content\/uploads\/2023\/03\/bilisim_tr-12x12.png 12w, https:\/\/smartuppartners.com\/wp-content\/uploads\/2023\/03\/bilisim_tr-75x75.png 75w\" sizes=\"(max-width: 600px) 100vw, 600px\" \/>\t\t\t\t\t\t\t\t\t\t\t\t\t\t\t<\/div>\n\t\t\t\t<\/div>\n\t\t\t\t\t<\/div>\n\t\t<\/div>\n\t\t\t\t<div class=\"elementor-column elementor-col-25 elementor-top-column elementor-element elementor-element-b04610a\" data-id=\"b04610a\" data-element_type=\"column\">\n\t\t\t<div class=\"elementor-widget-wrap elementor-element-populated\">\n\t\t\t\t\t\t\t\t<div class=\"elementor-element elementor-element-c014fc6 elementor-widget elementor-widget-image\" data-id=\"c014fc6\" data-element_type=\"widget\" data-widget_type=\"image.default\">\n\t\t\t\t<div class=\"elementor-widget-container\">\n\t\t\t\t\t\t\t\t\t\t\t\t\t\t\t<img loading=\"lazy\" decoding=\"async\" width=\"600\" height=\"600\" src=\"https:\/\/smartuppartners.com\/wp-content\/uploads\/2023\/03\/crm_tr.png\" class=\"attachment-large size-large wp-image-8225\" alt=\"\" srcset=\"https:\/\/smartuppartners.com\/wp-content\/uploads\/2023\/03\/crm_tr.png 600w, https:\/\/smartuppartners.com\/wp-content\/uploads\/2023\/03\/crm_tr-300x300.png 300w, https:\/\/smartuppartners.com\/wp-content\/uploads\/2023\/03\/crm_tr-180x180.png 180w, https:\/\/smartuppartners.com\/wp-content\/uploads\/2023\/03\/crm_tr-175x175.png 175w, https:\/\/smartuppartners.com\/wp-content\/uploads\/2023\/03\/crm_tr-12x12.png 12w, https:\/\/smartuppartners.com\/wp-content\/uploads\/2023\/03\/crm_tr-75x75.png 75w\" sizes=\"(max-width: 600px) 100vw, 600px\" \/>\t\t\t\t\t\t\t\t\t\t\t\t\t\t\t<\/div>\n\t\t\t\t<\/div>\n\t\t\t\t\t<\/div>\n\t\t<\/div>\n\t\t\t\t<div class=\"elementor-column elementor-col-25 elementor-top-column elementor-element elementor-element-bbd7630\" data-id=\"bbd7630\" data-element_type=\"column\">\n\t\t\t<div class=\"elementor-widget-wrap elementor-element-populated\">\n\t\t\t\t\t\t\t\t<div class=\"elementor-element elementor-element-302c91c elementor-widget elementor-widget-image\" data-id=\"302c91c\" data-element_type=\"widget\" data-widget_type=\"image.default\">\n\t\t\t\t<div class=\"elementor-widget-container\">\n\t\t\t\t\t\t\t\t\t\t\t\t\t\t\t<img loading=\"lazy\" decoding=\"async\" width=\"600\" height=\"600\" src=\"https:\/\/smartuppartners.com\/wp-content\/uploads\/2023\/03\/port_tr.jpg\" class=\"attachment-large size-large wp-image-8226\" alt=\"\" srcset=\"https:\/\/smartuppartners.com\/wp-content\/uploads\/2023\/03\/port_tr.jpg 600w, https:\/\/smartuppartners.com\/wp-content\/uploads\/2023\/03\/port_tr-300x300.jpg 300w, https:\/\/smartuppartners.com\/wp-content\/uploads\/2023\/03\/port_tr-180x180.jpg 180w, https:\/\/smartuppartners.com\/wp-content\/uploads\/2023\/03\/port_tr-175x175.jpg 175w, https:\/\/smartuppartners.com\/wp-content\/uploads\/2023\/03\/port_tr-12x12.jpg 12w, https:\/\/smartuppartners.com\/wp-content\/uploads\/2023\/03\/port_tr-75x75.jpg 75w\" sizes=\"(max-width: 600px) 100vw, 600px\" \/>\t\t\t\t\t\t\t\t\t\t\t\t\t\t\t<\/div>\n\t\t\t\t<\/div>\n\t\t\t\t\t<\/div>\n\t\t<\/div>\n\t\t\t\t\t\t\t<\/div>\n\t\t<\/section>\n\t\t\t\t<section class=\"elementor-section elementor-top-section elementor-element elementor-element-1fbe70d elementor-section-boxed elementor-section-height-default elementor-section-height-default\" data-id=\"1fbe70d\" data-element_type=\"section\">\n\t\t\t\t\t\t<div class=\"elementor-container elementor-column-gap-default\">\n\t\t\t\t\t<div class=\"elementor-column elementor-col-25 elementor-top-column elementor-element elementor-element-e9f5e70\" data-id=\"e9f5e70\" data-element_type=\"column\">\n\t\t\t<div class=\"elementor-widget-wrap elementor-element-populated\">\n\t\t\t\t\t\t\t\t<div class=\"elementor-element elementor-element-032853e elementor-widget elementor-widget-image\" data-id=\"032853e\" data-element_type=\"widget\" data-widget_type=\"image.default\">\n\t\t\t\t<div class=\"elementor-widget-container\">\n\t\t\t\t\t\t\t\t\t\t\t\t\t\t\t<img loading=\"lazy\" decoding=\"async\" width=\"600\" height=\"600\" src=\"https:\/\/smartuppartners.com\/wp-content\/uploads\/2023\/03\/rsm_tr.png\" class=\"attachment-large size-large wp-image-8227\" alt=\"\" srcset=\"https:\/\/smartuppartners.com\/wp-content\/uploads\/2023\/03\/rsm_tr.png 600w, https:\/\/smartuppartners.com\/wp-content\/uploads\/2023\/03\/rsm_tr-300x300.png 300w, https:\/\/smartuppartners.com\/wp-content\/uploads\/2023\/03\/rsm_tr-180x180.png 180w, https:\/\/smartuppartners.com\/wp-content\/uploads\/2023\/03\/rsm_tr-175x175.png 175w, https:\/\/smartuppartners.com\/wp-content\/uploads\/2023\/03\/rsm_tr-12x12.png 12w, https:\/\/smartuppartners.com\/wp-content\/uploads\/2023\/03\/rsm_tr-75x75.png 75w\" sizes=\"(max-width: 600px) 100vw, 600px\" \/>\t\t\t\t\t\t\t\t\t\t\t\t\t\t\t<\/div>\n\t\t\t\t<\/div>\n\t\t\t\t\t<\/div>\n\t\t<\/div>\n\t\t\t\t<div class=\"elementor-column elementor-col-25 elementor-top-column elementor-element elementor-element-2e09db8\" data-id=\"2e09db8\" data-element_type=\"column\">\n\t\t\t<div class=\"elementor-widget-wrap elementor-element-populated\">\n\t\t\t\t\t\t\t\t<div class=\"elementor-element elementor-element-7d593ea elementor-widget elementor-widget-image\" data-id=\"7d593ea\" data-element_type=\"widget\" data-widget_type=\"image.default\">\n\t\t\t\t<div class=\"elementor-widget-container\">\n\t\t\t\t\t\t\t\t\t\t\t\t\t\t\t<img loading=\"lazy\" decoding=\"async\" width=\"600\" height=\"600\" src=\"https:\/\/smartuppartners.com\/wp-content\/uploads\/2023\/03\/atak_2.png\" class=\"attachment-large size-large wp-image-8229\" alt=\"\" srcset=\"https:\/\/smartuppartners.com\/wp-content\/uploads\/2023\/03\/atak_2.png 600w, https:\/\/smartuppartners.com\/wp-content\/uploads\/2023\/03\/atak_2-300x300.png 300w, https:\/\/smartuppartners.com\/wp-content\/uploads\/2023\/03\/atak_2-180x180.png 180w, https:\/\/smartuppartners.com\/wp-content\/uploads\/2023\/03\/atak_2-175x175.png 175w, https:\/\/smartuppartners.com\/wp-content\/uploads\/2023\/03\/atak_2-12x12.png 12w, https:\/\/smartuppartners.com\/wp-content\/uploads\/2023\/03\/atak_2-75x75.png 75w\" sizes=\"(max-width: 600px) 100vw, 600px\" \/>\t\t\t\t\t\t\t\t\t\t\t\t\t\t\t<\/div>\n\t\t\t\t<\/div>\n\t\t\t\t\t<\/div>\n\t\t<\/div>\n\t\t\t\t<div class=\"elementor-column elementor-col-25 elementor-top-column elementor-element elementor-element-1439f68\" data-id=\"1439f68\" data-element_type=\"column\">\n\t\t\t<div class=\"elementor-widget-wrap elementor-element-populated\">\n\t\t\t\t\t\t\t\t<div class=\"elementor-element elementor-element-ca22b04 elementor-widget elementor-widget-image\" data-id=\"ca22b04\" data-element_type=\"widget\" data-widget_type=\"image.default\">\n\t\t\t\t<div class=\"elementor-widget-container\">\n\t\t\t\t\t\t\t\t\t\t\t\t\t\t\t<img loading=\"lazy\" decoding=\"async\" width=\"600\" height=\"600\" src=\"https:\/\/smartuppartners.com\/wp-content\/uploads\/2023\/03\/hotels_pro.png\" class=\"attachment-large size-large wp-image-8228\" alt=\"\" srcset=\"https:\/\/smartuppartners.com\/wp-content\/uploads\/2023\/03\/hotels_pro.png 600w, https:\/\/smartuppartners.com\/wp-content\/uploads\/2023\/03\/hotels_pro-300x300.png 300w, https:\/\/smartuppartners.com\/wp-content\/uploads\/2023\/03\/hotels_pro-180x180.png 180w, https:\/\/smartuppartners.com\/wp-content\/uploads\/2023\/03\/hotels_pro-175x175.png 175w, https:\/\/smartuppartners.com\/wp-content\/uploads\/2023\/03\/hotels_pro-12x12.png 12w, https:\/\/smartuppartners.com\/wp-content\/uploads\/2023\/03\/hotels_pro-75x75.png 75w\" sizes=\"(max-width: 600px) 100vw, 600px\" \/>\t\t\t\t\t\t\t\t\t\t\t\t\t\t\t<\/div>\n\t\t\t\t<\/div>\n\t\t\t\t\t<\/div>\n\t\t<\/div>\n\t\t\t\t<div class=\"elementor-column elementor-col-25 elementor-top-column elementor-element elementor-element-d79efb8\" data-id=\"d79efb8\" data-element_type=\"column\">\n\t\t\t<div class=\"elementor-widget-wrap elementor-element-populated\">\n\t\t\t\t\t\t\t\t<div class=\"elementor-element elementor-element-3009a45 elementor-widget elementor-widget-image\" data-id=\"3009a45\" data-element_type=\"widget\" data-widget_type=\"image.default\">\n\t\t\t\t<div class=\"elementor-widget-container\">\n\t\t\t\t\t\t\t\t\t\t\t\t\t\t\t<img loading=\"lazy\" decoding=\"async\" width=\"600\" height=\"600\" src=\"https:\/\/smartuppartners.com\/wp-content\/uploads\/2023\/03\/escubedo_tr.png\" class=\"attachment-large size-large wp-image-8230\" alt=\"\" srcset=\"https:\/\/smartuppartners.com\/wp-content\/uploads\/2023\/03\/escubedo_tr.png 600w, https:\/\/smartuppartners.com\/wp-content\/uploads\/2023\/03\/escubedo_tr-300x300.png 300w, https:\/\/smartuppartners.com\/wp-content\/uploads\/2023\/03\/escubedo_tr-180x180.png 180w, https:\/\/smartuppartners.com\/wp-content\/uploads\/2023\/03\/escubedo_tr-175x175.png 175w, https:\/\/smartuppartners.com\/wp-content\/uploads\/2023\/03\/escubedo_tr-12x12.png 12w, https:\/\/smartuppartners.com\/wp-content\/uploads\/2023\/03\/escubedo_tr-75x75.png 75w\" sizes=\"(max-width: 600px) 100vw, 600px\" \/>\t\t\t\t\t\t\t\t\t\t\t\t\t\t\t<\/div>\n\t\t\t\t<\/div>\n\t\t\t\t\t<\/div>\n\t\t<\/div>\n\t\t\t\t\t\t\t<\/div>\n\t\t<\/section>\n\t\t\t\t<section class=\"elementor-section elementor-top-section elementor-element elementor-element-b9034be elementor-section-boxed elementor-section-height-default elementor-section-height-default\" data-id=\"b9034be\" data-element_type=\"section\">\n\t\t\t\t\t\t<div class=\"elementor-container elementor-column-gap-default\">\n\t\t\t\t\t<div class=\"elementor-column elementor-col-25 elementor-top-column elementor-element elementor-element-aa623cf\" data-id=\"aa623cf\" data-element_type=\"column\">\n\t\t\t<div class=\"elementor-widget-wrap\">\n\t\t\t\t\t\t\t\t\t<\/div>\n\t\t<\/div>\n\t\t\t\t<div class=\"elementor-column elementor-col-25 elementor-top-column elementor-element elementor-element-1d38dc0\" data-id=\"1d38dc0\" data-element_type=\"column\">\n\t\t\t<div class=\"elementor-widget-wrap elementor-element-populated\">\n\t\t\t\t\t\t\t\t<div class=\"elementor-element elementor-element-30cf473 elementor-widget elementor-widget-image\" data-id=\"30cf473\" data-element_type=\"widget\" data-widget_type=\"image.default\">\n\t\t\t\t<div class=\"elementor-widget-container\">\n\t\t\t\t\t\t\t\t\t\t\t\t\t\t\t<img loading=\"lazy\" decoding=\"async\" width=\"600\" height=\"600\" src=\"https:\/\/smartuppartners.com\/wp-content\/uploads\/2023\/03\/hema_tr.png\" class=\"attachment-large size-large wp-image-8258\" alt=\"\" srcset=\"https:\/\/smartuppartners.com\/wp-content\/uploads\/2023\/03\/hema_tr.png 600w, https:\/\/smartuppartners.com\/wp-content\/uploads\/2023\/03\/hema_tr-300x300.png 300w, https:\/\/smartuppartners.com\/wp-content\/uploads\/2023\/03\/hema_tr-180x180.png 180w, https:\/\/smartuppartners.com\/wp-content\/uploads\/2023\/03\/hema_tr-175x175.png 175w, https:\/\/smartuppartners.com\/wp-content\/uploads\/2023\/03\/hema_tr-12x12.png 12w, https:\/\/smartuppartners.com\/wp-content\/uploads\/2023\/03\/hema_tr-75x75.png 75w\" sizes=\"(max-width: 600px) 100vw, 600px\" \/>\t\t\t\t\t\t\t\t\t\t\t\t\t\t\t<\/div>\n\t\t\t\t<\/div>\n\t\t\t\t\t<\/div>\n\t\t<\/div>\n\t\t\t\t<div class=\"elementor-column elementor-col-25 elementor-top-column elementor-element elementor-element-00af33b\" data-id=\"00af33b\" data-element_type=\"column\">\n\t\t\t<div class=\"elementor-widget-wrap elementor-element-populated\">\n\t\t\t\t\t\t\t\t<div class=\"elementor-element elementor-element-c6e148d elementor-widget elementor-widget-image\" data-id=\"c6e148d\" data-element_type=\"widget\" data-widget_type=\"image.default\">\n\t\t\t\t<div class=\"elementor-widget-container\">\n\t\t\t\t\t\t\t\t\t\t\t\t\t\t\t<img loading=\"lazy\" decoding=\"async\" width=\"600\" height=\"600\" src=\"https:\/\/smartuppartners.com\/wp-content\/uploads\/2023\/03\/confidental.png\" class=\"attachment-large size-large wp-image-8243\" alt=\"\" srcset=\"https:\/\/smartuppartners.com\/wp-content\/uploads\/2023\/03\/confidental.png 600w, https:\/\/smartuppartners.com\/wp-content\/uploads\/2023\/03\/confidental-300x300.png 300w, https:\/\/smartuppartners.com\/wp-content\/uploads\/2023\/03\/confidental-180x180.png 180w, https:\/\/smartuppartners.com\/wp-content\/uploads\/2023\/03\/confidental-175x175.png 175w, https:\/\/smartuppartners.com\/wp-content\/uploads\/2023\/03\/confidental-12x12.png 12w, https:\/\/smartuppartners.com\/wp-content\/uploads\/2023\/03\/confidental-75x75.png 75w\" sizes=\"(max-width: 600px) 100vw, 600px\" \/>\t\t\t\t\t\t\t\t\t\t\t\t\t\t\t<\/div>\n\t\t\t\t<\/div>\n\t\t\t\t\t<\/div>\n\t\t<\/div>\n\t\t\t\t<div class=\"elementor-column elementor-col-25 elementor-top-column elementor-element elementor-element-43cc5d7\" data-id=\"43cc5d7\" data-element_type=\"column\">\n\t\t\t<div class=\"elementor-widget-wrap\">\n\t\t\t\t\t\t\t\t\t<\/div>\n\t\t<\/div>\n\t\t\t\t\t\t\t<\/div>\n\t\t<\/section>\n\t\t\t\t\t\t\t<\/div>","protected":false},"excerpt":{"rendered":"<p>WHAT WE HAVE DONE let&#8217;s make your business stronger<\/p>","protected":false},"author":1,"featured_media":0,"parent":0,"menu_order":0,"comment_status":"closed","ping_status":"closed","template":"elementor_header_footer","meta":{"footnotes":""},"_links":{"self":[{"href":"https:\/\/smartuppartners.com\/tr\/wp-json\/wp\/v2\/pages\/8310"}],"collection":[{"href":"https:\/\/smartuppartners.com\/tr\/wp-json\/wp\/v2\/pages"}],"about":[{"href":"https:\/\/smartuppartners.com\/tr\/wp-json\/wp\/v2\/types\/page"}],"author":[{"embeddable":true,"href":"https:\/\/smartuppartners.com\/tr\/wp-json\/wp\/v2\/users\/1"}],"replies":[{"embeddable":true,"href":"https:\/\/smartuppartners.com\/tr\/wp-json\/wp\/v2\/comments?post=8310"}],"version-history":[{"count":9,"href":"https:\/\/smartuppartners.com\/tr\/wp-json\/wp\/v2\/pages\/8310\/revisions"}],"predecessor-version":[{"id":8323,"href":"https:\/\/smartuppartners.com\/tr\/wp-json\/wp\/v2\/pages\/8310\/revisions\/8323"}],"wp:attachment":[{"href":"https:\/\/smartuppartners.com\/tr\/wp-json\/wp\/v2\/media?parent=8310"}],"curies":[{"name":"wp","href":"https:\/\/api.w.org\/{rel}","templated":true}]}}