{"id":7740,"date":"2022-12-22T01:43:25","date_gmt":"2022-12-21T22:43:25","guid":{"rendered":"https:\/\/smartuppartners.com\/?page_id=7740"},"modified":"2023-03-25T13:47:29","modified_gmt":"2023-03-25T10:47:29","slug":"debt-advisory","status":"publish","type":"page","link":"https:\/\/smartuppartners.com\/tr\/debt-advisory\/","title":{"rendered":"Bor\u00e7 ve Yap\u0131land\u0131rma Dan\u0131\u015fmanl\u0131\u011f\u0131"},"content":{"rendered":"<div data-elementor-type=\"wp-page\" data-elementor-id=\"7740\" class=\"elementor elementor-7740\">\n\t\t\t\t\t\t\t\t\t<section class=\"elementor-section elementor-top-section elementor-element elementor-element-68266fc elementor-section-boxed elementor-section-height-default elementor-section-height-default\" data-id=\"68266fc\" data-element_type=\"section\">\n\t\t\t\t\t\t<div class=\"elementor-container elementor-column-gap-default\">\n\t\t\t\t\t<div class=\"elementor-column elementor-col-100 elementor-top-column elementor-element elementor-element-5a80b08\" data-id=\"5a80b08\" data-element_type=\"column\">\n\t\t\t<div class=\"elementor-widget-wrap\">\n\t\t\t\t\t\t\t\t\t<\/div>\n\t\t<\/div>\n\t\t\t\t\t\t\t<\/div>\n\t\t<\/section>\n\t\t\t\t<section class=\"elementor-section elementor-top-section elementor-element elementor-element-0acbfda elementor-section-height-min-height elementor-section-boxed elementor-section-height-default elementor-section-items-middle\" data-id=\"0acbfda\" data-element_type=\"section\">\n\t\t\t\t\t\t\t<div class=\"elementor-background-overlay\"><\/div>\n\t\t\t\t\t\t\t<div class=\"elementor-container elementor-column-gap-default\">\n\t\t\t\t\t<div class=\"elementor-column elementor-col-100 elementor-top-column elementor-element elementor-element-6ece7b5\" data-id=\"6ece7b5\" data-element_type=\"column\">\n\t\t\t<div class=\"elementor-widget-wrap elementor-element-populated\">\n\t\t\t\t\t\t\t\t<div class=\"elementor-element elementor-element-0aadb2d elementor-widget elementor-widget-heading\" data-id=\"0aadb2d\" data-element_type=\"widget\" data-widget_type=\"heading.default\">\n\t\t\t\t<div class=\"elementor-widget-container\">\n\t\t\t<style>\/*! elementor - v3.11.5 - 14-03-2023 *\/\n.elementor-heading-title{padding:0;margin:0;line-height:1}.elementor-widget-heading .elementor-heading-title[class*=elementor-size-]>a{color:inherit;font-size:inherit;line-height:inherit}.elementor-widget-heading .elementor-heading-title.elementor-size-small{font-size:15px}.elementor-widget-heading .elementor-heading-title.elementor-size-medium{font-size:19px}.elementor-widget-heading .elementor-heading-title.elementor-size-large{font-size:29px}.elementor-widget-heading .elementor-heading-title.elementor-size-xl{font-size:39px}.elementor-widget-heading .elementor-heading-title.elementor-size-xxl{font-size:59px}<\/style><h2 class=\"elementor-heading-title elementor-size-default\">DO\u011eRU AKS\u0130YONLAR<\/h2>\t\t<\/div>\n\t\t\t\t<\/div>\n\t\t\t\t<div class=\"elementor-element elementor-element-f9af473 elementor-widget elementor-widget-text-editor\" data-id=\"f9af473\" data-element_type=\"widget\" data-widget_type=\"text-editor.default\">\n\t\t\t\t<div class=\"elementor-widget-container\">\n\t\t\t<style>\/*! elementor - v3.11.5 - 14-03-2023 *\/\n.elementor-widget-text-editor.elementor-drop-cap-view-stacked .elementor-drop-cap{background-color:#818a91;color:#fff}.elementor-widget-text-editor.elementor-drop-cap-view-framed .elementor-drop-cap{color:#818a91;border:3px solid;background-color:transparent}.elementor-widget-text-editor:not(.elementor-drop-cap-view-default) .elementor-drop-cap{margin-top:8px}.elementor-widget-text-editor:not(.elementor-drop-cap-view-default) .elementor-drop-cap-letter{width:1em;height:1em}.elementor-widget-text-editor .elementor-drop-cap{float:left;text-align:center;line-height:1;font-size:50px}.elementor-widget-text-editor .elementor-drop-cap-letter{display:inline-block}<\/style>\t\t\t\t<p>bor\u00e7 ve sermaye piyasalar\u0131n\u0131n derinlemesine anla\u015f\u0131lmas\u0131<\/p>\t\t\t\t\t\t<\/div>\n\t\t\t\t<\/div>\n\t\t\t\t\t<\/div>\n\t\t<\/div>\n\t\t\t\t\t\t\t<\/div>\n\t\t<\/section>\n\t\t\t\t<section class=\"elementor-section elementor-top-section elementor-element elementor-element-1a2a1b1 elementor-section-boxed elementor-section-height-default elementor-section-height-default\" data-id=\"1a2a1b1\" data-element_type=\"section\">\n\t\t\t\t\t\t<div class=\"elementor-container elementor-column-gap-default\">\n\t\t\t\t\t<div class=\"elementor-column elementor-col-100 elementor-top-column elementor-element elementor-element-eee9064\" data-id=\"eee9064\" data-element_type=\"column\">\n\t\t\t<div class=\"elementor-widget-wrap elementor-element-populated\">\n\t\t\t\t\t\t\t\t<div class=\"elementor-element elementor-element-8d9a491 elementor-widget elementor-widget-spacer\" data-id=\"8d9a491\" data-element_type=\"widget\" data-widget_type=\"spacer.default\">\n\t\t\t\t<div class=\"elementor-widget-container\">\n\t\t\t<style>\/*! elementor - v3.11.5 - 14-03-2023 *\/\n.elementor-column .elementor-spacer-inner{height:var(--spacer-size)}.e-con{--container-widget-width:100%}.e-con-inner>.elementor-widget-spacer,.e-con>.elementor-widget-spacer{width:var(--container-widget-width,var(--spacer-size));--align-self:var(--container-widget-align-self,initial);--flex-shrink:0}.e-con-inner>.elementor-widget-spacer>.elementor-widget-container,.e-con-inner>.elementor-widget-spacer>.elementor-widget-container>.elementor-spacer,.e-con>.elementor-widget-spacer>.elementor-widget-container,.e-con>.elementor-widget-spacer>.elementor-widget-container>.elementor-spacer{height:100%}.e-con-inner>.elementor-widget-spacer>.elementor-widget-container>.elementor-spacer>.elementor-spacer-inner,.e-con>.elementor-widget-spacer>.elementor-widget-container>.elementor-spacer>.elementor-spacer-inner{height:var(--container-widget-height,var(--spacer-size))}<\/style>\t\t<div class=\"elementor-spacer\">\n\t\t\t<div class=\"elementor-spacer-inner\"><\/div>\n\t\t<\/div>\n\t\t\t\t<\/div>\n\t\t\t\t<\/div>\n\t\t\t\t\t<\/div>\n\t\t<\/div>\n\t\t\t\t\t\t\t<\/div>\n\t\t<\/section>\n\t\t\t\t<section class=\"elementor-section elementor-top-section elementor-element elementor-element-8f68498 elementor-section-boxed elementor-section-height-default elementor-section-height-default\" data-id=\"8f68498\" data-element_type=\"section\">\n\t\t\t\t\t\t<div class=\"elementor-container elementor-column-gap-default\">\n\t\t\t\t\t<div class=\"elementor-column elementor-col-50 elementor-top-column elementor-element elementor-element-6f0f0b2\" data-id=\"6f0f0b2\" data-element_type=\"column\">\n\t\t\t<div class=\"elementor-widget-wrap elementor-element-populated\">\n\t\t\t\t\t\t\t\t<div class=\"elementor-element elementor-element-a1ce928 elementor-widget elementor-widget-spacer\" data-id=\"a1ce928\" data-element_type=\"widget\" data-widget_type=\"spacer.default\">\n\t\t\t\t<div class=\"elementor-widget-container\">\n\t\t\t\t\t<div class=\"elementor-spacer\">\n\t\t\t<div class=\"elementor-spacer-inner\"><\/div>\n\t\t<\/div>\n\t\t\t\t<\/div>\n\t\t\t\t<\/div>\n\t\t\t\t<div class=\"elementor-element elementor-element-b809bae elementor-widget elementor-widget-heading\" data-id=\"b809bae\" data-element_type=\"widget\" data-widget_type=\"heading.default\">\n\t\t\t\t<div class=\"elementor-widget-container\">\n\t\t\t<h2 class=\"elementor-heading-title elementor-size-default\">Bor\u00e7 ve Yap\u0131land\u0131rma Dan\u0131\u015fmanl\u0131\u011f\u0131<\/h2>\t\t<\/div>\n\t\t\t\t<\/div>\n\t\t\t\t<div class=\"elementor-element elementor-element-8a7d5f2 elementor-widget elementor-widget-text-editor\" data-id=\"8a7d5f2\" data-element_type=\"widget\" data-widget_type=\"text-editor.default\">\n\t\t\t\t<div class=\"elementor-widget-container\">\n\t\t\t\t\t\t\t<p>Hem operasyonel, hem de dan\u0131\u015fmanl\u0131k alanlar\u0131ndaki tecr\u00fcbelerimiz, y\u00f6netti\u011fimiz ve tamamlad\u0131\u011f\u0131m\u0131z karma\u015f\u0131k ve b\u00fcy\u00fck bor\u00e7 yap\u0131land\u0131rma i\u015flemleri sayesinde, m\u00fc\u015fterilerimize bor\u00e7 yap\u0131land\u0131rma ve maliyet optimizasyonu alanlar\u0131nda de\u011fer kat\u0131yoruz.<\/p>\t\t\t\t\t\t<\/div>\n\t\t\t\t<\/div>\n\t\t\t\t<div class=\"elementor-element elementor-element-2c9c9c3 elementor-widget elementor-widget-heading\" data-id=\"2c9c9c3\" data-element_type=\"widget\" data-widget_type=\"heading.default\">\n\t\t\t\t<div class=\"elementor-widget-container\">\n\t\t\t<h2 class=\"elementor-heading-title elementor-size-default\">Bu alandaki ba\u015fl\u0131ca hizmetlerimiz:<\/h2>\t\t<\/div>\n\t\t\t\t<\/div>\n\t\t\t\t<div class=\"elementor-element elementor-element-c90440d elementor-widget elementor-widget-text-editor\" data-id=\"c90440d\" data-element_type=\"widget\" data-widget_type=\"text-editor.default\">\n\t\t\t\t<div class=\"elementor-widget-container\">\n\t\t\t\t\t\t\t<\/i>&#10003;<\/i><\/i>\u0130\u015f plan\u0131 ve bor\u00e7 yap\u0131land\u0131rmas\u0131<br>\n<\/i>&#10003;<\/i>Net i\u015fletme sermayesi optimizasyonu<br>\n<\/i>&#10003;<\/i>Maliyet analizi ve likidite y\u00f6netimi<br>\n<\/i>&#10003;<\/i>Ba\u011f\u0131ms\u0131z i\u015fletme incelemesi<br>\n\t\t\t\t\t\t<\/div>\n\t\t\t\t<\/div>\n\t\t\t\t\t<\/div>\n\t\t<\/div>\n\t\t\t\t<div class=\"elementor-column elementor-col-50 elementor-top-column elementor-element elementor-element-4f67d15\" data-id=\"4f67d15\" data-element_type=\"column\">\n\t\t\t<div class=\"elementor-widget-wrap elementor-element-populated\">\n\t\t\t\t\t\t\t\t<div class=\"elementor-element elementor-element-3c38ad7 elementor-widget elementor-widget-image\" data-id=\"3c38ad7\" data-element_type=\"widget\" data-widget_type=\"image.default\">\n\t\t\t\t<div class=\"elementor-widget-container\">\n\t\t\t<style>\/*! elementor - v3.11.5 - 14-03-2023 *\/\n.elementor-widget-image{text-align:center}.elementor-widget-image a{display:inline-block}.elementor-widget-image a img[src$=\".svg\"]{width:48px}.elementor-widget-image img{vertical-align:middle;display:inline-block}<\/style>\t\t\t\t\t\t\t\t\t\t\t\t<img loading=\"lazy\" decoding=\"async\" width=\"800\" height=\"800\" src=\"https:\/\/smartuppartners.com\/wp-content\/uploads\/2022\/12\/3-2.jpg\" class=\"attachment-large size-large wp-image-7741\" alt=\"\" srcset=\"https:\/\/smartuppartners.com\/wp-content\/uploads\/2022\/12\/3-2.jpg 800w, https:\/\/smartuppartners.com\/wp-content\/uploads\/2022\/12\/3-2-300x300.jpg 300w, https:\/\/smartuppartners.com\/wp-content\/uploads\/2022\/12\/3-2-180x180.jpg 180w, https:\/\/smartuppartners.com\/wp-content\/uploads\/2022\/12\/3-2-600x600.jpg 600w, https:\/\/smartuppartners.com\/wp-content\/uploads\/2022\/12\/3-2-175x175.jpg 175w, https:\/\/smartuppartners.com\/wp-content\/uploads\/2022\/12\/3-2-768x768.jpg 768w\" sizes=\"(max-width: 800px) 100vw, 800px\" \/>\t\t\t\t\t\t\t\t\t\t\t\t\t\t\t<\/div>\n\t\t\t\t<\/div>\n\t\t\t\t\t<\/div>\n\t\t<\/div>\n\t\t\t\t\t\t\t<\/div>\n\t\t<\/section>\n\t\t\t\t\t\t\t<\/div>","protected":false},"excerpt":{"rendered":"<p>CHOICES OF ACTION deep understanding of the debt &amp; capital markets Debt Advisory We have led and completed complex debt restructuring transactions recently. Given our experience both on the operational and consulting sides, we are well equipped to provide the best practices to our clients. Our services include, but not limited to: &#10003;Business planning and [&hellip;]<\/p>","protected":false},"author":1,"featured_media":0,"parent":0,"menu_order":0,"comment_status":"closed","ping_status":"closed","template":"","meta":{"footnotes":""},"_links":{"self":[{"href":"https:\/\/smartuppartners.com\/tr\/wp-json\/wp\/v2\/pages\/7740"}],"collection":[{"href":"https:\/\/smartuppartners.com\/tr\/wp-json\/wp\/v2\/pages"}],"about":[{"href":"https:\/\/smartuppartners.com\/tr\/wp-json\/wp\/v2\/types\/page"}],"author":[{"embeddable":true,"href":"https:\/\/smartuppartners.com\/tr\/wp-json\/wp\/v2\/users\/1"}],"replies":[{"embeddable":true,"href":"https:\/\/smartuppartners.com\/tr\/wp-json\/wp\/v2\/comments?post=7740"}],"version-history":[{"count":28,"href":"https:\/\/smartuppartners.com\/tr\/wp-json\/wp\/v2\/pages\/7740\/revisions"}],"predecessor-version":[{"id":8469,"href":"https:\/\/smartuppartners.com\/tr\/wp-json\/wp\/v2\/pages\/7740\/revisions\/8469"}],"wp:attachment":[{"href":"https:\/\/smartuppartners.com\/tr\/wp-json\/wp\/v2\/media?parent=7740"}],"curies":[{"name":"wp","href":"https:\/\/api.w.org\/{rel}","templated":true}]}}